{"id":97,"date":"2021-06-15T16:15:30","date_gmt":"2021-06-15T16:15:30","guid":{"rendered":"https:\/\/pierrenolletcoaching.live-website.com\/?page_id=97"},"modified":"2023-03-14T10:50:28","modified_gmt":"2023-03-14T10:50:28","slug":"pierre-vous-accompagne-pour","status":"publish","type":"page","link":"https:\/\/pierre-nollet-coaching.com\/?page_id=97","title":{"rendered":"Services"},"content":{"rendered":"\n<div class=\"wp-block-columns is-layout-flex wp-container-core-columns-is-layout-9d6595d7 wp-block-columns-is-layout-flex\">\n<div class=\"wp-block-column is-layout-flow wp-block-column-is-layout-flow\">\n<div class=\"wp-block-columns is-layout-flex wp-container-core-columns-is-layout-9d6595d7 wp-block-columns-is-layout-flex\">\n<div class=\"wp-block-column is-layout-flow wp-block-column-is-layout-flow\">\n<h4 class=\"wp-block-heading\" id=\"block-0944e1ee-cef3-4664-9bdd-300f2b395abc\"><strong>Cadre personnel :<\/strong><\/h4>\n\n\n\n<ul class=\"wp-block-list\">\n<li>Executive &amp; Strategic Coaching<\/li>\n\n\n\n<li>Re-positionnement professionnel <\/li>\n\n\n\n<li>ADN\/Vision &amp; plan d&rsquo;action<\/li>\n\n\n\n<li>Aide \u00e0 la clarification\/\u00a0\u00bbLife design\u00a0\u00bb<\/li>\n\n\n\n<li>Prise de d\u00e9cisions\/ situations complexes\/crises<\/li>\n<\/ul>\n\n\n\n<h4 class=\"wp-block-heading\" id=\"block-0944e1ee-cef3-4664-9bdd-300f2b395abc\"><strong>Cadre professionnel&nbsp;:<\/strong><\/h4>\n\n\n\n<ul class=\"wp-block-list\">\n<li>\u00ab\u00a0Strategic Design\u00a0\u00bb : ADN\/ Vision \/B-Plan <\/li>\n\n\n\n<li>Situation de crise\/ tactique et plan d&rsquo;action<\/li>\n\n\n\n<li>Communication : Pitch\/ Lignes d&rsquo;horizons<\/li>\n\n\n\n<li>Relations avec les actionnaires, \u00ab\u00a0Equity story\u00a0\u00bb, plan d&rsquo;action, conseil d&rsquo;administration, assembl\u00e9es<\/li>\n\n\n\n<li>Probl\u00e9matiques de minoritaires<\/li>\n<\/ul>\n<\/div>\n\n\n\n<div class=\"wp-block-column is-layout-flow wp-block-column-is-layout-flow\">\n<div class=\"wp-block-cover alignwide is-light\"><span aria-hidden=\"true\" class=\"wp-block-cover__background has-background-dim\"><\/span><img loading=\"lazy\" decoding=\"async\" width=\"853\" height=\"480\" class=\"wp-block-cover__image-background wp-image-240\" alt=\"\" src=\"https:\/\/pierre-nollet-coaching.com\/wp-content\/uploads\/2021\/07\/surf.jpg\" style=\"object-position:58% 48%\" data-object-fit=\"cover\" data-object-position=\"58% 48%\" srcset=\"https:\/\/pierre-nollet-coaching.com\/wp-content\/uploads\/2021\/07\/surf.jpg 853w, https:\/\/pierre-nollet-coaching.com\/wp-content\/uploads\/2021\/07\/surf-300x169.jpg 300w, https:\/\/pierre-nollet-coaching.com\/wp-content\/uploads\/2021\/07\/surf-768x432.jpg 768w, https:\/\/pierre-nollet-coaching.com\/wp-content\/uploads\/2021\/07\/surf-421x237.jpg 421w\" sizes=\"auto, (max-width: 853px) 100vw, 853px\" \/><div class=\"wp-block-cover__inner-container is-layout-flow wp-block-cover-is-layout-flow\">\n<p class=\"has-background\" style=\"background-color:#53bdb2\"><em>\u00ab&nbsp;Si dans ce monde o\u00f9 elle menace de dispara\u00eetre, nous ne r\u00e9veillons pas en nous cette dimension d\u2019\u00e9ternit\u00e9, de contemplation, d\u2019accueil, la dimension f\u00e9minine et sacr\u00e9e en nous\u2013Si nous ne cr\u00e9ons pas ces enclaves de silence ou la fr\u00e9n\u00e9sie se trouve suspendue, nous aurons oubli\u00e9 nos vocations d\u2019hommes et de femmes.<\/em><\/p>\n\n\n\n<p>-Christiane Singer, conf\u00e9rence prononc\u00e9e \u00e0 l\u2019Universit\u00e9 de Cordoue en mars 1989, \u00e0 un colloque sur&nbsp;: \u00ab&nbsp;Le futur de l\u2019homme\u2013un nouvel humanisme&nbsp;?&nbsp;\u00bb<\/p>\n<\/div><\/div>\n<\/div>\n<\/div>\n<\/div>\n<\/div>\n\n\n\n<h4 class=\"wp-block-heading\"><strong>Nous<\/strong> sommes convaincus :<\/h4>\n\n\n\n<ul class=\"wp-block-list\">\n<li>qu&rsquo;un guide essentiel pour dessiner notre futur est l&rsquo;inspiation<\/li>\n\n\n\n<li>que notre identit\u00e9 est le reflet de notre \u00e2me<\/li>\n\n\n\n<li>que nous pouvons tous \u0153uvrer pour un futur positif et joyeux<\/li>\n<\/ul>\n\n\n\n<h2 class=\"wp-block-heading\" style=\"text-transform:lowercase\"><strong>Et<\/strong><\/h2>\n\n\n\n<ul class=\"wp-block-list\">\n<li>Nous sommes passionn\u00e9s par tout ce qui fait tourner le monde m\u00eame si nous ne comprenons pas tout<\/li>\n<\/ul>\n\n\n\n<h2 class=\"wp-block-heading\">Et nous sanctifions les po\u00e8tes, les r\u00eaveurs, les fous romantiques, les rois barbus et tous ceux qui dans leurs vies expriment la magie<\/h2>\n\n\n\n<p><\/p>\n","protected":false},"excerpt":{"rendered":"<p>Cadre personnel : Cadre professionnel&nbsp;: Nous sommes convaincus : Et Et nous sanctifions les po\u00e8tes, les r\u00eaveurs, les fous romantiques, les rois barbus et tous &hellip;<\/p>\n","protected":false},"author":1,"featured_media":0,"parent":0,"menu_order":0,"comment_status":"closed","ping_status":"closed","template":"","meta":{"footnotes":""},"class_list":["post-97","page","type-page","status-publish","hentry"],"_links":{"self":[{"href":"https:\/\/pierre-nollet-coaching.com\/index.php?rest_route=\/wp\/v2\/pages\/97","targetHints":{"allow":["GET"]}}],"collection":[{"href":"https:\/\/pierre-nollet-coaching.com\/index.php?rest_route=\/wp\/v2\/pages"}],"about":[{"href":"https:\/\/pierre-nollet-coaching.com\/index.php?rest_route=\/wp\/v2\/types\/page"}],"author":[{"embeddable":true,"href":"https:\/\/pierre-nollet-coaching.com\/index.php?rest_route=\/wp\/v2\/users\/1"}],"replies":[{"embeddable":true,"href":"https:\/\/pierre-nollet-coaching.com\/index.php?rest_route=%2Fwp%2Fv2%2Fcomments&post=97"}],"version-history":[{"count":29,"href":"https:\/\/pierre-nollet-coaching.com\/index.php?rest_route=\/wp\/v2\/pages\/97\/revisions"}],"predecessor-version":[{"id":378,"href":"https:\/\/pierre-nollet-coaching.com\/index.php?rest_route=\/wp\/v2\/pages\/97\/revisions\/378"}],"wp:attachment":[{"href":"https:\/\/pierre-nollet-coaching.com\/index.php?rest_route=%2Fwp%2Fv2%2Fmedia&parent=97"}],"curies":[{"name":"wp","href":"https:\/\/api.w.org\/{rel}","templated":true}]}}