{"id":95,"date":"2021-06-15T16:08:56","date_gmt":"2021-06-15T16:08:56","guid":{"rendered":"https:\/\/pierrenolletcoaching.live-website.com\/?page_id=95"},"modified":"2023-03-14T10:44:19","modified_gmt":"2023-03-14T10:44:19","slug":"pierre-nollet","status":"publish","type":"page","link":"https:\/\/pierre-nollet-coaching.com\/?page_id=95","title":{"rendered":"Pierre Nollet"},"content":{"rendered":"\n<p><strong>\u00ab&nbsp;Strategic coaching&nbsp;\u00bb<\/strong> pour <strong>dirigeants, entrepreneurs,<\/strong> <strong>leaders<\/strong><\/p>\n\n\n\n<div class=\"wp-block-columns is-layout-flex wp-container-core-columns-is-layout-9d6595d7 wp-block-columns-is-layout-flex\">\n<div class=\"wp-block-column is-layout-flow wp-block-column-is-layout-flow\" style=\"flex-basis:3%\"><\/div>\n\n\n\n<div class=\"wp-block-column is-layout-flow wp-block-column-is-layout-flow\" style=\"flex-basis:97%\">\n<ul class=\"wp-block-list\">\n<li>Qui portent un projet, une vision, une volont\u00e9 de changement.&nbsp;<\/li>\n\n\n\n<li>\u00c0 partir d\u2019une m\u00e9thodologie qui int\u00e8gre&nbsp;<strong>l\u2019intelligence \u00e9motionnelle<\/strong>&nbsp;comme dimension essentielle<\/li>\n\n\n\n<li>Dans un cadre de repositionnement personnel ou dans celui d&rsquo;une organisation\/soci\u00e9t\u00e9 (\u00ab\u00a0Strategic Design\u00a0\u00bb).<\/li>\n<\/ul>\n<\/div>\n\n\n\n<div class=\"wp-block-column is-layout-flow wp-block-column-is-layout-flow\" style=\"flex-basis:100%\">\n<p><\/p>\n\n\n\n<p><\/p>\n\n\n\n<p><\/p>\n\n\n\n<p><\/p>\n\n\n\n<p><\/p>\n\n\n\n<p><\/p>\n<\/div>\n<\/div>\n\n\n\n<div class=\"wp-block-media-text alignwide is-stacked-on-mobile\"><figure class=\"wp-block-media-text__media\"><img loading=\"lazy\" decoding=\"async\" width=\"196\" height=\"293\" src=\"https:\/\/pierre-nollet-coaching.com\/wp-content\/uploads\/2021\/06\/AVT_Pierre-Nollet_138.jpg\" alt=\"\" class=\"wp-image-152 size-full\"\/><\/figure><div class=\"wp-block-media-text__content\">\n<p><\/p>\n\n\n\n<p><strong>J&rsquo;exerce une activit\u00e9 prodigieuse<\/strong>. <\/p>\n\n\n\n<p>Je conseille et accompagne des<strong> dirigeants, entrepreneurs, leader<\/strong>s de la sph\u00e8re publique et priv\u00e9e \u00e0 red\u00e9finir leurs strat\u00e9gies personnelles ou professionnelles pour un meilleur futur. <\/p>\n\n\n\n<p>Le dirigeant qui porte une vision discerne ce que d\u2019autres ne voient pas forc\u00e9ment. <\/p>\n\n\n\n<p>Int\u00e9grer tant l&rsquo;aspect \u00e9conomique ou quantifiable que le sens, la raison d&rsquo;\u00eatre, les valeurs humaines et soci\u00e9tales dans l&rsquo;architecture et la mise en place d&rsquo;une strat\u00e9gie permet de se projeter vers un futur positif.<\/p>\n<\/div><\/div>\n\n\n\n<p>J&rsquo;ai \u00e9t\u00e9 banquier d&rsquo;affaires, conseil en strat\u00e9gie, venture capitalist, co-cr\u00e9ateur de plus de dix start-ups et Pr\u00e9sident de soci\u00e9t\u00e9s dont une soci\u00e9t\u00e9 cot\u00e9e internationale. <\/p>\n\n\n\n<p>Aujourd&rsquo;hui j&rsquo;exerce comme Conseil en D\u00e9veloppement et Coach Strat\u00e9gique <strong>\u00ab\u00a0Strategic Design\u00a0\u00bb<\/strong>. <\/p>\n\n\n\n<p>J&rsquo;interviens tant aupr\u00e8s de dirigeants \u00e0 titre priv\u00e9 (repositionnement), qu&rsquo;aupr\u00e8s de conseils d&rsquo;administration et Pr\u00e9sidents de soci\u00e9t\u00e9s sur la d\u00e9finition de leurs strat\u00e9gies, l&rsquo;accompagnement vers des transitions positives, et toutes situations sp\u00e9ciales (crises, red\u00e9ploiement&#8230;).<\/p>\n\n\n\n<p>J&rsquo;ai \u00e9t\u00e9 \u00e9lev\u00e9 en partie au Japon et ai v\u00e9cu aux \u00c9tats-Unis et en Asie du Sud Est. <\/p>\n\n\n\n<p>Marin j&rsquo;ai parcouru les mers depuis ma naissance avec une affection toute particuli\u00e8re pour la mer \u00c9g\u00e9e. <\/p>\n\n\n\n<p>Issue d&rsquo;une famille port\u00e9e sur le monde de l&rsquo;invisible, j\u2019ai explor\u00e9, \u00e9tudi\u00e9, pratiqu\u00e9 depuis plus de 30 ans de nombreuses voies d\u2019enrichissement personnel : Spiritualit\u00e9, th\u00e9ologies, s\u00e9mantique, \u00ab\u00a0Mind &amp; Spirit tools\u00a0\u00bb&#8230;  J&rsquo;ai parall\u00e8lement \u00e9tudi\u00e9 des formations classiques (\u00ab\u00a0Mastering Happiness\u00a0\u00bb Harvard University Certification, PNL&#8230;). <\/p>\n\n\n\n<p>L&rsquo;axe constant est d&rsquo;\u00e9couter, de replacer l&rsquo;intuition dans nos prises de d\u00e9cision.<\/p>\n\n\n\n<p>Et ainsi de laisser la porte s&rsquo;ouvrir sur une vie pour laquelle, ce qui nous parait \u00ab\u00a0magie\u00a0\u00bb devient possible.<\/p>\n\n\n\n<p>J&rsquo;\u00e9cris des chroniques, des scenarii (\u00ab\u00a0script doctor\u00a0\u00bb), et suis l&rsquo;auteur de trois romans.<\/p>\n\n\n\n<p>En entreprise, j&rsquo;interviens \u00e0 partir de deux th\u00e8mes de conf\u00e9rences : <\/p>\n\n\n\n<p>\u00ab\u00a0Que repr\u00e9sente le <strong>\u00ab\u00a0Giving back\u00a0\u00bb dans la strat\u00e9gie d&rsquo;une entreprise ? \u00a0\u00bb <\/strong><\/p>\n\n\n\n<p><strong> \u00ab\u00a0Comment piloter son destin ?<\/strong> et d\u00e9finir une strat\u00e9gie personnelle\u00a0\u00bb<\/p>\n","protected":false},"excerpt":{"rendered":"<p>\u00ab&nbsp;Strategic coaching&nbsp;\u00bb pour dirigeants, entrepreneurs, leaders J&rsquo;exerce une activit\u00e9 prodigieuse. Je conseille et accompagne des dirigeants, entrepreneurs, leaders de la sph\u00e8re publique et priv\u00e9e \u00e0 &hellip;<\/p>\n","protected":false},"author":1,"featured_media":0,"parent":0,"menu_order":0,"comment_status":"closed","ping_status":"closed","template":"","meta":{"footnotes":""},"class_list":["post-95","page","type-page","status-publish","hentry"],"_links":{"self":[{"href":"https:\/\/pierre-nollet-coaching.com\/index.php?rest_route=\/wp\/v2\/pages\/95","targetHints":{"allow":["GET"]}}],"collection":[{"href":"https:\/\/pierre-nollet-coaching.com\/index.php?rest_route=\/wp\/v2\/pages"}],"about":[{"href":"https:\/\/pierre-nollet-coaching.com\/index.php?rest_route=\/wp\/v2\/types\/page"}],"author":[{"embeddable":true,"href":"https:\/\/pierre-nollet-coaching.com\/index.php?rest_route=\/wp\/v2\/users\/1"}],"replies":[{"embeddable":true,"href":"https:\/\/pierre-nollet-coaching.com\/index.php?rest_route=%2Fwp%2Fv2%2Fcomments&post=95"}],"version-history":[{"count":29,"href":"https:\/\/pierre-nollet-coaching.com\/index.php?rest_route=\/wp\/v2\/pages\/95\/revisions"}],"predecessor-version":[{"id":374,"href":"https:\/\/pierre-nollet-coaching.com\/index.php?rest_route=\/wp\/v2\/pages\/95\/revisions\/374"}],"wp:attachment":[{"href":"https:\/\/pierre-nollet-coaching.com\/index.php?rest_route=%2Fwp%2Fv2%2Fmedia&parent=95"}],"curies":[{"name":"wp","href":"https:\/\/api.w.org\/{rel}","templated":true}]}}