{"id":170,"date":"2021-07-06T17:32:24","date_gmt":"2021-07-06T17:32:24","guid":{"rendered":"https:\/\/pierrenolletcoaching.live-website.com\/?page_id=170"},"modified":"2023-03-09T18:52:38","modified_gmt":"2023-03-09T18:52:38","slug":"contact","status":"publish","type":"page","link":"https:\/\/pierre-nollet-coaching.com\/?page_id=170","title":{"rendered":"Contact"},"content":{"rendered":"\n<div class=\"wp-block-columns is-layout-flex wp-container-core-columns-is-layout-9d6595d7 wp-block-columns-is-layout-flex\">\n<div class=\"wp-block-column is-layout-flow wp-block-column-is-layout-flow\">\n<h2 class=\"wp-block-heading\">Formulaire de contact<\/h2>\n<\/div>\n<\/div>\n\n\n\n<div class=\"forminator-guttenberg\"><div class=\"forminator-ui forminator-custom-form forminator-custom-form-292 forminator-design--default  forminator_ajax\" data-forminator-render=\"0\" data-form=\"forminator-module-292\" data-uid=\"69e4b57d66d72\"><br\/><\/div><form\n\t\t\t\tid=\"forminator-module-292\"\n\t\t\t\tclass=\"forminator-ui forminator-custom-form forminator-custom-form-292 forminator-design--default  forminator_ajax\"\n\t\t\t\tmethod=\"post\"\n\t\t\t\tdata-forminator-render=\"0\"\n\t\t\t\tdata-form-id=\"292\"\n\t\t\t\t data-color-option=\"default\" data-design=\"default\" data-grid=\"open\" style=\"display: none;\"\n\t\t\t\tdata-uid=\"69e4b57d66d72\"\n\t\t\t><div role=\"alert\" aria-live=\"polite\" class=\"forminator-response-message forminator-error\" aria-hidden=\"true\"><\/div><div class=\"forminator-row\"><div id=\"name-1\" class=\"forminator-field-name forminator-col forminator-col-12 \"><div class=\"forminator-field\"><label for=\"forminator-field-name-1_69e4b57d66d72\" id=\"forminator-field-name-1_69e4b57d66d72-label\" class=\"forminator-label\">Pr\u00e9nom <span class=\"forminator-required\">*<\/span><\/label><input type=\"text\" name=\"name-1\" value=\"\" placeholder=\"ex : Jean\" id=\"forminator-field-name-1_69e4b57d66d72\" class=\"forminator-input forminator-name--field\" aria-required=\"true\" autocomplete=\"name\" \/><\/div><\/div><\/div><div class=\"forminator-row\"><div id=\"email-1\" class=\"forminator-field-email forminator-col forminator-col-12 \"><div class=\"forminator-field\"><label for=\"forminator-field-email-1_69e4b57d66d72\" id=\"forminator-field-email-1_69e4b57d66d72-label\" class=\"forminator-label\">Adresse de messagerie <span class=\"forminator-required\">*<\/span><\/label><input type=\"email\" name=\"email-1\" value=\"\" placeholder=\"ex : jean-dupuis@hotmail.fr\" id=\"forminator-field-email-1_69e4b57d66d72\" class=\"forminator-input forminator-email--field\" data-required=\"true\" aria-required=\"true\" autocomplete=\"email\" \/><\/div><\/div><\/div><div class=\"forminator-row\"><div id=\"phone-1\" class=\"forminator-field-phone forminator-col forminator-col-12 \"><div class=\"forminator-field\"><label for=\"forminator-field-phone-1_69e4b57d66d72\" id=\"forminator-field-phone-1_69e4b57d66d72-label\" class=\"forminator-label\">Num\u00e9ro de t\u00e9l\u00e9phone<\/label><input type=\"text\" name=\"phone-1\" value=\"\" placeholder=\"ex : +33 6 35 78 74 32\" id=\"forminator-field-phone-1_69e4b57d66d72\" class=\"forminator-input forminator-field--phone\" data-required=\"\" aria-required=\"false\" autocomplete=\"off\" \/><\/div><\/div><\/div><div class=\"forminator-row\"><div id=\"textarea-1\" class=\"forminator-field-textarea forminator-col forminator-col-12 \"><div class=\"forminator-field\"><label for=\"forminator-field-textarea-1_69e4b57d66d72\" id=\"forminator-field-textarea-1_69e4b57d66d72-label\" class=\"forminator-label\">Message<\/label><textarea name=\"textarea-1\" placeholder=\"Saisissez votre message\u2026\" id=\"forminator-field-textarea-1_69e4b57d66d72\" class=\"forminator-textarea\" rows=\"6\" style=\"min-height:140px;\" maxlength=\"180\" ><\/textarea><span id=\"forminator-field-textarea-1_69e4b57d66d72-description\" class=\"forminator-description\"><span data-limit=\"180\" data-type=\"characters\" data-editor=\"\">0 \/ 180<\/span><\/span><\/div><\/div><\/div><input type=\"hidden\" name=\"referer_url\" value=\"\" \/><div class=\"forminator-row forminator-row-last\"><div class=\"forminator-col\"><div class=\"forminator-field\"><button class=\"forminator-button forminator-button-submit\">Envoyer le message<\/button><\/div><\/div><\/div><input type=\"hidden\" id=\"forminator_nonce\" name=\"forminator_nonce\" value=\"804f9a90b4\" \/><input type=\"hidden\" name=\"_wp_http_referer\" value=\"\/index.php?rest_route=%2Fwp%2Fv2%2Fpages%2F170\" \/><input type=\"hidden\" name=\"form_id\" value=\"292\"><input type=\"hidden\" name=\"page_id\" value=\"170\"><input type=\"hidden\" name=\"form_type\" value=\"default\"><input type=\"hidden\" name=\"current_url\" value=\"https:\/\/pierre-nollet-coaching.com\/?page_id=170\"><input type=\"hidden\" name=\"render_id\" value=\"0\"><input type=\"hidden\" name=\"action\" value=\"forminator_submit_form_custom-forms\"><\/form><\/div>\n\n\n\n<h2 class=\"wp-block-heading\">Par <\/h2>\n\n\n\n<p>Pierre NOLLET<\/p>\n\n\n\n<p>info@pierre-nollet-coaching.com<br>+33 6 03 90 28 65<\/p>\n","protected":false},"excerpt":{"rendered":"<p>Formulaire de contact Par Pierre NOLLET info@pierre-nollet-coaching.com+33 6 03 90 28 65<\/p>\n","protected":false},"author":1,"featured_media":0,"parent":0,"menu_order":0,"comment_status":"closed","ping_status":"closed","template":"","meta":{"footnotes":""},"class_list":["post-170","page","type-page","status-publish","hentry"],"_links":{"self":[{"href":"https:\/\/pierre-nollet-coaching.com\/index.php?rest_route=\/wp\/v2\/pages\/170","targetHints":{"allow":["GET"]}}],"collection":[{"href":"https:\/\/pierre-nollet-coaching.com\/index.php?rest_route=\/wp\/v2\/pages"}],"about":[{"href":"https:\/\/pierre-nollet-coaching.com\/index.php?rest_route=\/wp\/v2\/types\/page"}],"author":[{"embeddable":true,"href":"https:\/\/pierre-nollet-coaching.com\/index.php?rest_route=\/wp\/v2\/users\/1"}],"replies":[{"embeddable":true,"href":"https:\/\/pierre-nollet-coaching.com\/index.php?rest_route=%2Fwp%2Fv2%2Fcomments&post=170"}],"version-history":[{"count":7,"href":"https:\/\/pierre-nollet-coaching.com\/index.php?rest_route=\/wp\/v2\/pages\/170\/revisions"}],"predecessor-version":[{"id":353,"href":"https:\/\/pierre-nollet-coaching.com\/index.php?rest_route=\/wp\/v2\/pages\/170\/revisions\/353"}],"wp:attachment":[{"href":"https:\/\/pierre-nollet-coaching.com\/index.php?rest_route=%2Fwp%2Fv2%2Fmedia&parent=170"}],"curies":[{"name":"wp","href":"https:\/\/api.w.org\/{rel}","templated":true}]}}