{"id":123,"date":"2021-06-15T16:26:17","date_gmt":"2021-06-15T16:26:17","guid":{"rendered":"https:\/\/pierrenolletcoaching.live-website.com\/?page_id=123"},"modified":"2021-06-15T18:18:13","modified_gmt":"2021-06-15T18:18:13","slug":"publications","status":"publish","type":"page","link":"https:\/\/pierre-nollet-coaching.com\/?page_id=123","title":{"rendered":"Publications"},"content":{"rendered":"\n<div class=\"wp-block-columns is-layout-flex wp-container-core-columns-is-layout-9d6595d7 wp-block-columns-is-layout-flex\">\n<div class=\"wp-block-column is-vertically-aligned-top is-layout-flow wp-block-column-is-layout-flow\">\n<h6 class=\"wp-block-heading\">Les Enfants d\u2019Aniaki&nbsp;:<\/h6>\n\n\n\n<figure class=\"wp-block-embed is-type-rich is-provider-amazon wp-block-embed-amazon\"><div class=\"wp-block-embed__wrapper\">\n<iframe loading=\"lazy\" hcb-fetch-image-from=\"https:\/\/www.amazon.fr\/Enfants-dAniaki-Pierre-Nollet\/dp\/2848781068\" title=\"Les Enfants d&#039;Aniaki\" type=\"text\/html\" width=\"760\" height=\"550\" frameborder=\"0\" allowfullscreen style=\"max-width:100%\" src=\"https:\/\/lire.amazon.fr\/kp\/card?preview=inline&#038;linkCode=kpd&#038;ref_=k4w_oembed_MkB7KIRviuevYb&#038;asin=2848781068&#038;tag=kpembed-20\"><\/iframe>\n<\/div><\/figure>\n\n\n\n<p>Tout quitter ? Vivre, \u00e0 nouveau vivre quand on s&rsquo;est lass\u00e9 de r\u00e9ussir&#8230; Un soir, Nikolas retrouve une lettre et un manuscrit que son grand-p\u00e8re lui a envoy\u00e9s, de Gr\u00e8ce, avant de mourir. \u00ab Une \u00eele, avait \u00e9crit le vieillard, l&rsquo;Aniaki l\u00e9gendaire, disparue en mer \u00c9g\u00e9e. \u00bb Voil\u00e0 le signe. Signe de d\u00e9part, d\u00e9but d&rsquo;une histoire de princesse, de soleil, de meltem, de la mer bleue infinie, de maisons blanchies \u00e0 la chaux. Vivre, n&rsquo;est-ce pas chercher, inlassablement, d&rsquo;autres rivages ?<\/p>\n<\/div>\n\n\n\n<div class=\"wp-block-column is-layout-flow wp-block-column-is-layout-flow\">\n<h6 class=\"wp-block-heading\">Le premier matin des hommes heureux&nbsp;:<\/h6>\n\n\n\n<figure class=\"wp-block-embed is-type-rich is-provider-amazon wp-block-embed-amazon\"><div class=\"wp-block-embed__wrapper\">\n<iframe loading=\"lazy\" hcb-fetch-image-from=\"https:\/\/www.amazon.fr\/premier-matin-hommes-heureux\/dp\/2848782137\" title=\"Le premier matin des hommes heureux\" type=\"text\/html\" width=\"760\" height=\"550\" frameborder=\"0\" allowfullscreen style=\"max-width:100%\" src=\"https:\/\/lire.amazon.fr\/kp\/card?preview=inline&#038;linkCode=kpd&#038;ref_=k4w_oembed_XaENK2TriJg1gn&#038;asin=2848782137&#038;tag=kpembed-20\"><\/iframe>\n<\/div><\/figure>\n\n\n\n<p>Un producteur de cin\u00e9ma se retrouve sous pression apr\u00e8s l&rsquo;\u00e9chec de son dernier film. Il ne lui reste que six jours pour terminer le sc\u00e9nario qui convaincra ses partenaires am\u00e9ricains: l&rsquo;histoire de Clarisse, une jeune \u00e9ditrice, peu \u00e0 peu envo\u00fbt\u00e9e par le myst\u00e9rieux auteur du dernier roman publi\u00e9 par sa Maison\u2026<br><\/p>\n<\/div>\n<\/div>\n\n\n\n<p>Nombreuses publications &amp; chroniques financi\u00e8res sous le nom de Diogene et de Pedro Sumida<\/p>\n","protected":false},"excerpt":{"rendered":"<p>Les Enfants d\u2019Aniaki&nbsp;: Tout quitter ? Vivre, \u00e0 nouveau vivre quand on s&rsquo;est lass\u00e9 de r\u00e9ussir&#8230; Un soir, Nikolas retrouve une lettre et un manuscrit &hellip;<\/p>\n","protected":false},"author":1,"featured_media":0,"parent":0,"menu_order":0,"comment_status":"closed","ping_status":"closed","template":"","meta":{"footnotes":""},"class_list":["post-123","page","type-page","status-publish","hentry"],"_links":{"self":[{"href":"https:\/\/pierre-nollet-coaching.com\/index.php?rest_route=\/wp\/v2\/pages\/123","targetHints":{"allow":["GET"]}}],"collection":[{"href":"https:\/\/pierre-nollet-coaching.com\/index.php?rest_route=\/wp\/v2\/pages"}],"about":[{"href":"https:\/\/pierre-nollet-coaching.com\/index.php?rest_route=\/wp\/v2\/types\/page"}],"author":[{"embeddable":true,"href":"https:\/\/pierre-nollet-coaching.com\/index.php?rest_route=\/wp\/v2\/users\/1"}],"replies":[{"embeddable":true,"href":"https:\/\/pierre-nollet-coaching.com\/index.php?rest_route=%2Fwp%2Fv2%2Fcomments&post=123"}],"version-history":[{"count":8,"href":"https:\/\/pierre-nollet-coaching.com\/index.php?rest_route=\/wp\/v2\/pages\/123\/revisions"}],"predecessor-version":[{"id":148,"href":"https:\/\/pierre-nollet-coaching.com\/index.php?rest_route=\/wp\/v2\/pages\/123\/revisions\/148"}],"wp:attachment":[{"href":"https:\/\/pierre-nollet-coaching.com\/index.php?rest_route=%2Fwp%2Fv2%2Fmedia&parent=123"}],"curies":[{"name":"wp","href":"https:\/\/api.w.org\/{rel}","templated":true}]}}