{"id":114,"date":"2021-06-15T16:25:46","date_gmt":"2021-06-15T16:25:46","guid":{"rendered":"https:\/\/pierrenolletcoaching.live-website.com\/?page_id=114"},"modified":"2023-03-14T10:41:05","modified_gmt":"2023-03-14T10:41:05","slug":"en-savoir-plus","status":"publish","type":"page","link":"https:\/\/pierre-nollet-coaching.com\/?page_id=114","title":{"rendered":"En savoir plus&#8230;"},"content":{"rendered":"\n<h4 class=\"has-text-align-left wp-block-heading\">\u00ab\u00a0Strategic Design\u00a0\u00bb: (<strong>L\u2019intuition\/ce qui fait sens)<\/strong><\/h4>\n\n\n\n<p>Int\u00e9grer l\u2019intuition et les valeurs humaines dans l&rsquo;architecture d&rsquo;un projet permet de s&rsquo;appuyer sur ce qui \u00ab\u00a0fait sens\u00a0\u00bb afin de dessiner sa vision, de b\u00e2tir sa strat\u00e9gie et d&rsquo;en d\u00e9finir les \u00e9tapes. <br><\/p>\n\n\n\n<div class=\"wp-block-columns is-layout-flex wp-container-core-columns-is-layout-9d6595d7 wp-block-columns-is-layout-flex\">\n<div class=\"wp-block-column is-layout-flow wp-block-column-is-layout-flow\">\n<div class=\"wp-block-media-text has-media-on-the-right is-stacked-on-mobile is-vertically-aligned-center\"><div class=\"wp-block-media-text__content\">\n<p><\/p>\n\n\n\n<ul class=\"wp-block-list\">\n<li>Quel est notre ADN ?<\/li>\n\n\n\n<li>Quelles sont nos valeurs ?<\/li>\n\n\n\n<li>Quel est le sens de mon action ?<\/li>\n\n\n\n<li>O\u00f9 sera t-on dans 3 ans&nbsp;?<\/li>\n\n\n\n<li>Quelle est notre strat\u00e9gie ?<\/li>\n\n\n\n<li>Quelles en sont les \u00e9tapes ?<\/li>\n<\/ul>\n\n\n\n<p><\/p>\n\n\n\n<ul class=\"wp-block-list\">\n<li>Prendre une d\u00e9cision\/Faire un choix<\/li>\n\n\n\n<li>G\u00e9rer une crise ?<\/li>\n\n\n\n<li>Tout changer ? Pour quel futur ?<\/li>\n<\/ul>\n<\/div><figure class=\"wp-block-media-text__media\"><img loading=\"lazy\" decoding=\"async\" width=\"768\" height=\"1024\" src=\"https:\/\/pierre-nollet-coaching.com\/wp-content\/uploads\/2021\/07\/montagne-768x1024.jpg\" alt=\"\" class=\"wp-image-237 size-full\" srcset=\"https:\/\/pierre-nollet-coaching.com\/wp-content\/uploads\/2021\/07\/montagne-768x1024.jpg 768w, https:\/\/pierre-nollet-coaching.com\/wp-content\/uploads\/2021\/07\/montagne-225x300.jpg 225w, https:\/\/pierre-nollet-coaching.com\/wp-content\/uploads\/2021\/07\/montagne-1152x1536.jpg 1152w, https:\/\/pierre-nollet-coaching.com\/wp-content\/uploads\/2021\/07\/montagne-1536x2048.jpg 1536w, https:\/\/pierre-nollet-coaching.com\/wp-content\/uploads\/2021\/07\/montagne-scaled.jpg 1920w\" sizes=\"auto, (max-width: 768px) 100vw, 768px\" \/><\/figure><\/div>\n<\/div>\n<\/div>\n\n\n\n<p><\/p>\n\n\n\n<p>Ce processus s\u2019appuie sur une m\u00e9thodologie pr\u00e9cise. <\/p>\n\n\n\n<p><strong>Pour les entreprises <\/strong>il permet de dresser les \u00e9tapes et le plan de la cr\u00e9ation de valeur \u00e9conomique (strat\u00e9gie &amp; communication, Business Plan, gestion de crises et restructuration, Acquisitions&#8230;). <\/p>\n\n\n\n<p><strong>Pour le dirigeant<\/strong> il traite de l&rsquo;ad\u00e9quation entre sa vision et la strat\u00e9gie de l&rsquo;entreprise, ainsi que du sens de son action (Leadership, repositionnement professionnel\u2026).<\/p>\n\n\n\n<h4 class=\"wp-block-heading\"><strong>Bref Curriculum Vitae<\/strong><\/h4>\n\n\n\n<ul class=\"wp-block-list\">\n<li>Coach-Conseil Strat\u00e9gique de dirigeants &amp; de soci\u00e9t\u00e9s \/design de strat\u00e9gies pour un futur positif<\/li>\n\n\n\n<li>Ancien PDG d\u2019une soci\u00e9t\u00e9 holding financi\u00e8re cot\u00e9e<\/li>\n\n\n\n<li>Ancien Banquier d\u2019affaires<\/li>\n\n\n\n<li>Ancien Partner de fonds d\u2019investissements sp\u00e9cialis\u00e9s en situations sp\u00e9ciales<\/li>\n\n\n\n<li>Ancien Pr\u00e9sident d\u2019un h\u00f4tel 5* en Asie du Sud -Est<\/li>\n\n\n\n<li>A lanc\u00e9 plus de 10 start-ups<\/li>\n\n\n\n<li>Un temps plagiste sur la c\u00f4te d\u2019Azur<\/li>\n\n\n\n<li>Auteur: Romans, articles, script-doctor et chroniqueur financier<\/li>\n\n\n\n<li>Skipper &amp; navigateur &#8211; M\u00e9diterran\u00e9e-<\/li>\n\n\n\n<li>Membre de la \u00ab\u00a0Soci\u00e9t\u00e9 des Gens de Lettres\u00a0\u00bb<\/li>\n\n\n\n<li>New York University- Harvard University (Positive Psychology Certification )<\/li>\n<\/ul>\n\n\n\n<p><\/p>\n","protected":false},"excerpt":{"rendered":"<p>\u00ab\u00a0Strategic Design\u00a0\u00bb: (L\u2019intuition\/ce qui fait sens) Int\u00e9grer l\u2019intuition et les valeurs humaines dans l&rsquo;architecture d&rsquo;un projet permet de s&rsquo;appuyer sur ce qui \u00ab\u00a0fait sens\u00a0\u00bb afin &hellip;<\/p>\n","protected":false},"author":1,"featured_media":0,"parent":0,"menu_order":0,"comment_status":"closed","ping_status":"closed","template":"","meta":{"footnotes":""},"class_list":["post-114","page","type-page","status-publish","hentry"],"_links":{"self":[{"href":"https:\/\/pierre-nollet-coaching.com\/index.php?rest_route=\/wp\/v2\/pages\/114","targetHints":{"allow":["GET"]}}],"collection":[{"href":"https:\/\/pierre-nollet-coaching.com\/index.php?rest_route=\/wp\/v2\/pages"}],"about":[{"href":"https:\/\/pierre-nollet-coaching.com\/index.php?rest_route=\/wp\/v2\/types\/page"}],"author":[{"embeddable":true,"href":"https:\/\/pierre-nollet-coaching.com\/index.php?rest_route=\/wp\/v2\/users\/1"}],"replies":[{"embeddable":true,"href":"https:\/\/pierre-nollet-coaching.com\/index.php?rest_route=%2Fwp%2Fv2%2Fcomments&post=114"}],"version-history":[{"count":30,"href":"https:\/\/pierre-nollet-coaching.com\/index.php?rest_route=\/wp\/v2\/pages\/114\/revisions"}],"predecessor-version":[{"id":372,"href":"https:\/\/pierre-nollet-coaching.com\/index.php?rest_route=\/wp\/v2\/pages\/114\/revisions\/372"}],"wp:attachment":[{"href":"https:\/\/pierre-nollet-coaching.com\/index.php?rest_route=%2Fwp%2Fv2%2Fmedia&parent=114"}],"curies":[{"name":"wp","href":"https:\/\/api.w.org\/{rel}","templated":true}]}}